{"id":14,"date":"2025-08-15T17:28:26","date_gmt":"2025-08-15T22:28:26","guid":{"rendered":"https:\/\/dev.cocoa.pe\/accionanticipatoria\/?page_id=14"},"modified":"2025-09-10T16:27:49","modified_gmt":"2025-09-10T21:27:49","slug":"nosotros","status":"publish","type":"page","link":"https:\/\/centropractis.com\/accionanticipatoria\/nosotros\/","title":{"rendered":"Nosotros"},"content":{"rendered":"<div class=\"lazyblock-block-header-aHrn1 wp-block-lazyblock-block-header\"><header class=\"block_page_header position-relative\">\r\n\t<figure class=\"mb-0 block_image\">\r\n\t\t<div class=\"overlay\" style=\"background-color: #0000004d;\"><\/div>\r\n\t\t<img loading=\"lazy\" decoding=\"async\" width=\"1920\" height=\"570\" src=\"https:\/\/centropractis.com\/accionanticipatoria\/wp-content\/uploads\/2025\/08\/image_conocenos-banner.jpg\" class=\"img-fit\" alt=\"\" srcset=\"https:\/\/centropractis.com\/accionanticipatoria\/wp-content\/uploads\/2025\/08\/image_conocenos-banner.jpg 1920w, https:\/\/centropractis.com\/accionanticipatoria\/wp-content\/uploads\/2025\/08\/image_conocenos-banner-980x291.jpg 980w, https:\/\/centropractis.com\/accionanticipatoria\/wp-content\/uploads\/2025\/08\/image_conocenos-banner-768x228.jpg 768w, https:\/\/centropractis.com\/accionanticipatoria\/wp-content\/uploads\/2025\/08\/image_conocenos-banner-1536x456.jpg 1536w\" sizes=\"auto, (max-width: 1920px) 100vw, 1920px\" \/>\t<\/figure>\r\n\t<div class=\"block_content d-flex flex-wrap align-items-center py\">\r\n\t\t<div class=\"container\">\r\n\t\t\t<div class=\"row justify-content-center\">\r\n\t\t\t\t<div class=\"col-12\">\r\n\t\t\t\t\t<div class=\"lazyblock-inner-blocks\">\n\n<div class=\"row justify-content-center\">\n<div class=\"col-lg-5 col-xl-4 col-sm-7\">\n<figure class=\"wp-block-image size-large mb-0\"><img loading=\"lazy\" decoding=\"async\" width=\"422\" height=\"194\" src=\"https:\/\/dev.cocoa.pe\/accionanticipatoria\/wp-content\/uploads\/2025\/08\/logo_accion-anticipatoria-white.svg\" alt=\"\" class=\"wp-image-139\"\/><\/figure>\n<\/div>\n<\/div>\n\n<\/div>\r\n\t\t\t\t<\/div>\r\n\t\t\t<\/div>\r\n\t\t<\/div>\r\n\t<\/div>\r\n<\/header><\/div>\n\n<div class=\"lazyblock-block-section-Z1uFcnY wp-block-lazyblock-block-section\"><section class=\"py bg-\">\n  <div class=\"container\">\n    <div class=\"row\">\n      <div class=\"col-12\">\n        <div class=\"lazyblock-inner-blocks\">\n\n<p class=\"has-text-align-center mb-5\">La Comunidad de Pr\u00e1ctica en Acci\u00f3n Anticipatoria es un espacio colaborativo que re\u00fane a profesionales, organizaciones y actores clave de Am\u00e9rica Latina comprometidos con fortalecer la preparaci\u00f3n y la respuesta temprana frente a amenazas clim\u00e1ticas. Esta comunidad se desarrolla en el marco de la Iniciativa Acci\u00f3n Anticipatoria que fomenta el intercambio de conocimientos en Am\u00e9rica Latina.<\/p>\n\n\n\n<div class=\"row mb-5 gy-4\">\n<div class=\"col-xl-7 has-naranja-color has-text-color has-link-color wp-elements-63e50a2b1b6bdb93cb097815fc36fa80\">\n<figure class=\"wp-block-image size-full image_bordered mb-0\"><img loading=\"lazy\" decoding=\"async\" width=\"1200\" height=\"761\" src=\"https:\/\/dev.cocoa.pe\/accionanticipatoria\/wp-content\/uploads\/2025\/08\/image_conocenos-1.jpg\" alt=\"\" class=\"wp-image-142\" title=\"\" srcset=\"https:\/\/centropractis.com\/accionanticipatoria\/wp-content\/uploads\/2025\/08\/image_conocenos-1.jpg 1200w, https:\/\/centropractis.com\/accionanticipatoria\/wp-content\/uploads\/2025\/08\/image_conocenos-1-980x621.jpg 980w, https:\/\/centropractis.com\/accionanticipatoria\/wp-content\/uploads\/2025\/08\/image_conocenos-1-768x487.jpg 768w\" sizes=\"auto, (max-width: 1200px) 100vw, 1200px\" \/><\/figure>\n<\/div>\n\n\n\n<div class=\"col-xl-5\">\n<div class=\"wp-block-group has-light-background-color has-background h-100 d-flex flex-wrap align-items-center px-3 px-sm-4 px-lg-5 py-4 py-lg-5\"><div class=\"wp-block-group__inner-container is-layout-constrained wp-block-group-is-layout-constrained\">\n<p>Implementada por Practical Action, con el apoyo t\u00e9cnico y financiero de la Cooperaci\u00f3n Internacional Suiza \u2013 COSUDE, desde el Hub Regional Lima y cofinanciada por la Z Zurich Foundation, como parte de la Alianza Zurich para la Resiliencia Clim\u00e1tica, esta iniciativa busca transformar la gesti\u00f3n del riesgo de desastres en los pa\u00edses andinos, en l\u00ednea con la estrategia global \u00abAlerta Temprana para Todos\u00bb de Naciones Unidas.<\/p>\n<\/div><\/div>\n<\/div>\n<\/div>\n\n\n\n<div class=\"row gy-4\">\n<div class=\"col-xl-7 order-xl-2 has-amarillo-color has-text-color has-link-color wp-elements-75828a63181c7ccc31a6f4a35363fea7\">\n<figure class=\"wp-block-image size-full image_bordered mb-0\"><img loading=\"lazy\" decoding=\"async\" width=\"1200\" height=\"761\" src=\"https:\/\/dev.cocoa.pe\/accionanticipatoria\/wp-content\/uploads\/2025\/08\/image_conocenos-2.jpg\" alt=\"\" class=\"wp-image-145\" title=\"\" srcset=\"https:\/\/centropractis.com\/accionanticipatoria\/wp-content\/uploads\/2025\/08\/image_conocenos-2.jpg 1200w, https:\/\/centropractis.com\/accionanticipatoria\/wp-content\/uploads\/2025\/08\/image_conocenos-2-980x621.jpg 980w, https:\/\/centropractis.com\/accionanticipatoria\/wp-content\/uploads\/2025\/08\/image_conocenos-2-768x487.jpg 768w\" sizes=\"auto, (max-width: 1200px) 100vw, 1200px\" \/><\/figure>\n<\/div>\n\n\n\n<div class=\"col-xl-5 order-xl-1\">\n<div class=\"wp-block-group has-light-background-color has-background h-100 d-flex flex-wrap align-items-center px-3 px-sm-4 px-lg-5 py-4 py-lg-5\"><div class=\"wp-block-group__inner-container is-layout-constrained wp-block-group-is-layout-constrained\">\n<p>El prop\u00f3sito de esta Comunidad de Pr\u00e1ctica es construir y compartir conocimiento aplicado, fomentando la cooperaci\u00f3n entre pa\u00edses y sectores, y promoviendo la integraci\u00f3n de la ciencia, la experiencia local y las buenas pr\u00e1cticas en la toma de decisiones.<\/p>\n<\/div><\/div>\n<\/div>\n<\/div>\n\n<\/div>\n      <\/div>\n    <\/div>\n  <\/div>\n<\/section><\/div>\n\n<div class=\"lazyblock-block-section-D3RDT wp-block-lazyblock-block-section\"><section class=\"py bg-light\">\n  <div class=\"container\">\n    <div class=\"row\">\n      <div class=\"col-12\">\n        <div class=\"lazyblock-inner-blocks\">\n\n<h2 class=\"wp-block-heading has-text-align-center h3 mb-5\">En esta comunidad podr\u00e1s<\/h2>\n\n\n\n<div class=\"row justify-content-center gy-4\">\n<div class=\"col-lg-5 col-xl-4 col-md-6\"><div class=\"wp-block-image\">\n<figure class=\"aligncenter size-large mb-3\"><img loading=\"lazy\" decoding=\"async\" width=\"119\" height=\"120\" src=\"https:\/\/dev.cocoa.pe\/accionanticipatoria\/wp-content\/uploads\/2025\/08\/icon_aprender.svg\" alt=\"\" class=\"wp-image-146\"\/><\/figure>\n<\/div>\n\n\n<p class=\"has-text-align-center\">Aprender a trav\u00e9s de cursos, talleres y recursos especializados en sistemas de alerta temprana, pron\u00f3sticos basados en impacto y planificaci\u00f3n anticipada.<\/p>\n<\/div>\n\n\n\n<div class=\"col-lg-5 col-xl-4 col-md-6\"><div class=\"wp-block-image\">\n<figure class=\"aligncenter size-large mb-3\"><img loading=\"lazy\" decoding=\"async\" width=\"119\" height=\"120\" src=\"https:\/\/dev.cocoa.pe\/accionanticipatoria\/wp-content\/uploads\/2025\/08\/icon_intercambiar.svg\" alt=\"\" class=\"wp-image-147\"\/><\/figure>\n<\/div>\n\n\n<p class=\"has-text-align-center\">Intercambiar experiencias en foros y espacios de di\u00e1logo sobre casos reales, lecciones aprendidas y desaf\u00edos comunes en la regi\u00f3n.<\/p>\n<\/div>\n\n\n\n<div class=\"col-lg-5 col-xl-4 col-md-6\"><div class=\"wp-block-image\">\n<figure class=\"aligncenter size-large mb-3\"><img loading=\"lazy\" decoding=\"async\" width=\"119\" height=\"120\" src=\"https:\/\/dev.cocoa.pe\/accionanticipatoria\/wp-content\/uploads\/2025\/08\/icon_colaborar.svg\" alt=\"\" class=\"wp-image-148\"\/><\/figure>\n<\/div>\n\n\n<p class=\"has-text-align-center\">Colaborar con expertos y organizaciones de Bolivia, Colombia, Ecuador, Per\u00fa y otros pa\u00edses de la regi\u00f3n, ampliando tu red de contactos y oportunidades de cooperaci\u00f3n.<\/p>\n<\/div>\n<\/div>\n\n<\/div>\n      <\/div>\n    <\/div>\n  <\/div>\n<\/section><\/div>\n\n<div class=\"lazyblock-block-section-1TdbOw wp-block-lazyblock-block-section\"><section class=\"py bg-\">\n  <div class=\"container\">\n    <div class=\"row\">\n      <div class=\"col-12\">\n        <div class=\"lazyblock-inner-blocks\">\n\n<div class=\"row gy-5\">\n<div class=\"col-lg-12 col-xl-7\">\n<div class=\"wp-block-group has-light-background-color has-background h-100 px-3 px-sm-4 py-4 py-lg-5\"><div class=\"wp-block-group__inner-container is-layout-constrained wp-block-group-is-layout-constrained\">\n<h3 class=\"wp-block-heading\">Nuestros objetivos son:<\/h3>\n\n\n\n<ul class=\"wp-block-list\">\n<li>Fortalecer las capacidades t\u00e9cnicas y pr\u00e1cticas en acci\u00f3n anticipatoria y gesti\u00f3n de riesgos clim\u00e1ticos.<\/li>\n\n\n\n<li>Facilitar el intercambio de experiencias y lecciones aprendidas, impulsando la mejora continua y la innovaci\u00f3n en los enfoques de preparaci\u00f3n y respuesta.<\/li>\n\n\n\n<li>Promover redes de colaboraci\u00f3n que integren distintos saberes y escalas, desde lo local hasta lo nacional y regional.<\/li>\n\n\n\n<li>Visibilizar y difundir buenas pr\u00e1cticas, herramientas y recursos que contribuyan a la resiliencia clim\u00e1tica y comunitaria desde un enfoque de anticipaci\u00f3n.<\/li>\n<\/ul>\n<\/div><\/div>\n<\/div>\n\n\n\n<div class=\"col-lg-12 col-xl-5\">\n<div class=\"wp-block-group has-white-color has-naranja-background-color has-text-color has-background has-link-color h-100 px-3 px-sm-4 py-4 py-lg-5 d-flex flex-column justify-content-center wp-elements-1f4316be12775a11a134ca8593cda9c0\"><div class=\"wp-block-group__inner-container is-layout-constrained wp-block-group-is-layout-constrained\">\n<h2 class=\"wp-block-heading has-text-align-center h4\">La Comunidad de Pr\u00e1ctica<\/h2>\n\n\n\n<p class=\"has-text-align-center h6\">Es un espacio abierto, inclusivo y participativo, donde cada aporte cuenta para anticiparnos mejor a los impactos, salvar vidas, proteger medios de vida y construir un futuro m\u00e1s seguro para nuestras comunidades.<\/p>\n<\/div><\/div>\n<\/div>\n<\/div>\n\n<\/div>\n      <\/div>\n    <\/div>\n  <\/div>\n<\/section><\/div>","protected":false},"excerpt":{"rendered":"","protected":false},"author":1,"featured_media":0,"parent":0,"menu_order":0,"comment_status":"closed","ping_status":"closed","template":"","meta":{"inline_featured_image":false,"footnotes":""},"class_list":["post-14","page","type-page","status-publish","hentry"],"acf":[],"_links":{"self":[{"href":"https:\/\/centropractis.com\/accionanticipatoria\/wp-json\/wp\/v2\/pages\/14","targetHints":{"allow":["GET"]}}],"collection":[{"href":"https:\/\/centropractis.com\/accionanticipatoria\/wp-json\/wp\/v2\/pages"}],"about":[{"href":"https:\/\/centropractis.com\/accionanticipatoria\/wp-json\/wp\/v2\/types\/page"}],"author":[{"embeddable":true,"href":"https:\/\/centropractis.com\/accionanticipatoria\/wp-json\/wp\/v2\/users\/1"}],"replies":[{"embeddable":true,"href":"https:\/\/centropractis.com\/accionanticipatoria\/wp-json\/wp\/v2\/comments?post=14"}],"version-history":[{"count":10,"href":"https:\/\/centropractis.com\/accionanticipatoria\/wp-json\/wp\/v2\/pages\/14\/revisions"}],"predecessor-version":[{"id":260,"href":"https:\/\/centropractis.com\/accionanticipatoria\/wp-json\/wp\/v2\/pages\/14\/revisions\/260"}],"wp:attachment":[{"href":"https:\/\/centropractis.com\/accionanticipatoria\/wp-json\/wp\/v2\/media?parent=14"}],"curies":[{"name":"wp","href":"https:\/\/api.w.org\/{rel}","templated":true}]}}