{"id":12,"date":"2025-08-15T17:28:17","date_gmt":"2025-08-15T22:28:17","guid":{"rendered":"https:\/\/dev.cocoa.pe\/accionanticipatoria\/?page_id=12"},"modified":"2025-09-10T16:23:28","modified_gmt":"2025-09-10T21:23:28","slug":"inicio","status":"publish","type":"page","link":"https:\/\/centropractis.com\/accionanticipatoria\/","title":{"rendered":"Inicio"},"content":{"rendered":"<div class=\"lazyblock-block-slider-Z1bSiqr wp-block-lazyblock-block-slider\"><section class=\"block_slider position-relative\">\r\n\t<div class=\"swiper swiper_slider\">\r\n\t\t<div class=\"swiper-wrapper\">\r\n\t\t\t\n<div class=\"swiper-slide\">\r\n\t<div class=\"block_slide position-relative\">\r\n\t\t<figure class=\"block_image mb-0\">\r\n\t\t  <img loading=\"lazy\" decoding=\"async\" width=\"1920\" height=\"840\" src=\"https:\/\/centropractis.com\/accionanticipatoria\/wp-content\/uploads\/2025\/08\/image_home-slide-1.jpg\" class=\"img-fit\" alt=\"\" srcset=\"https:\/\/centropractis.com\/accionanticipatoria\/wp-content\/uploads\/2025\/08\/image_home-slide-1.jpg 1920w, https:\/\/centropractis.com\/accionanticipatoria\/wp-content\/uploads\/2025\/08\/image_home-slide-1-980x429.jpg 980w, https:\/\/centropractis.com\/accionanticipatoria\/wp-content\/uploads\/2025\/08\/image_home-slide-1-768x336.jpg 768w, https:\/\/centropractis.com\/accionanticipatoria\/wp-content\/uploads\/2025\/08\/image_home-slide-1-1536x672.jpg 1536w\" sizes=\"auto, (max-width: 1920px) 100vw, 1920px\" \/>\t\t<\/figure>\r\n\t\t<div class=\"block_content py d-flex flex-wrap align-items-center\">\r\n\t\t\t<div class=\"overlay\" style=\"background-color: #00000040;\"><\/div>\r\n\t\t\t<div class=\"container position-relative\">\r\n\t\t\t\t<div class=\"row justify-content-end\">\r\n\t\t\t\t\t<div class=\"col-12\">\r\n\t\t\t\t\t\t<div class=\"lazyblock-inner-blocks\">\n\n<div class=\"row justify-content-end\">\n<div class=\"col-xl-7\">\n<h1 class=\"wp-block-heading has-white-color has-text-color has-link-color wp-elements-4eb710a6acb2db15dff31a2758b4fc9b\">Comunidad de pr\u00e1ctica para la Acci\u00f3n Anticipatoria<\/h1>\n\n\n\n<p class=\"has-white-color has-text-color has-link-color h6 wp-elements-76f048cf198ec4beb7766b764ce6495e\">Un espacio colaborativo que re\u00fane a profesionales, organizaciones y actores clave de Am\u00e9rica Latina comprometidos con fortalecer la preparaci\u00f3n y la acci\u00f3n temprana frente a amenazas clim\u00e1ticas desde un enfoque anticipado y basado&nbsp;en&nbsp;evidencias.<\/p>\n\n\n\n<div class=\"wp-block-buttons is-layout-flex wp-block-buttons-is-layout-flex\">\n<div class=\"wp-block-button is-style-outline is-style-outline--1\"><a class=\"wp-block-button__link has-white-color has-text-color has-link-color wp-element-button\" href=\"https:\/\/centropractis.com\/moodle\/login\/signup.php\" target=\"_blank\" rel=\"noreferrer noopener\">Reg\u00edstrate aqu\u00ed<\/a><\/div>\n<\/div>\n<\/div>\n<\/div>\n\n<\/div>\r\n\t\t\t\t\t<\/div>\r\n\t\t\t\t<\/div>\r\n\t\t\t<\/div>\r\n\t\t<\/div>\r\n\t<\/div>\r\n<\/div>\n\r\n\t\t<\/div>\r\n\t<\/div>\r\n\t<div class=\"swiper-pagination slider-pagination\"><\/div>\r\n\t<div class=\"d-none d-xl-block\">\r\n\t\t<button type=\"button\" class=\"swiper-button-prev slider-prev\">\r\n\t\t\t<svg xmlns=\"http:\/\/www.w3.org\/2000\/svg\" viewBox=\"0 0 8 12.7\" fill=\"currentColor\">\r\n\t\t\t<path d=\"M1.6,12.7L0,11.1l4.7-4.7L0,1.6L1.6,0L8,6.4L1.6,12.7z\"\/>\r\n\t\t\t<\/svg>\r\n\t\t<\/button>\r\n\t\t<button type=\"button\" class=\"swiper-button-next slider-next\">\r\n\t\t\t<svg xmlns=\"http:\/\/www.w3.org\/2000\/svg\" viewBox=\"0 0 8 12.7\" fill=\"currentColor\">\r\n\t\t\t<path d=\"M1.6,12.7L0,11.1l4.7-4.7L0,1.6L1.6,0L8,6.4L1.6,12.7z\"\/>\r\n\t\t\t<\/svg>\r\n\t\t<\/button>\r\n\t<\/div>\r\n<\/section><\/div>\n\n<div class=\"lazyblock-block-section-Z10omB wp-block-lazyblock-block-section\"><section class=\"py bg-light\">\n  <div class=\"container\">\n    <div class=\"row\">\n      <div class=\"col-12\">\n        <div class=\"lazyblock-inner-blocks\">\n\n<div class=\"row align-items-end gx-2 gy-3 mb-5\">\n<div class=\"col\">\n<h2 class=\"wp-block-heading has-naranja-color has-text-color has-link-color h3 wp-elements-c7b6b38094777a372717fe56806149e3\">Novedades<\/h2>\n<\/div>\n\n\n\n<div class=\"col-auto\">\n<div class=\"wp-block-buttons is-layout-flex wp-block-buttons-is-layout-flex\">\n<div class=\"wp-block-button is-style-btn-link\"><a class=\"wp-block-button__link wp-element-button\" href=\"https:\/\/centropractis.com\/accionanticipatoria\/blog\/\">Ver todo<\/a><\/div>\n<\/div>\n<\/div>\n<\/div>\n\n\n<div class=\"lazyblock-ultimas-noticias-1FewF3 wp-block-lazyblock-ultimas-noticias\"><div class=\"block_novedades position-relative\">\n  <div class=\"swiper swiper_novedades\">\n    <div class=\"swiper-wrapper\">\n            <div class=\"swiper-slide\">\n        <article class=\"card_blog-feat bg-white d-flex flex-wrap position-relative post-102 post type-post status-publish format-standard has-post-thumbnail hentry category-uncategorized\" id=\"blog-102\">\n\t<figure class=\"mb-0 card_image\">\n\t\t<img decoding=\"async\" width=\"720\" height=\"455\" src=\"https:\/\/centropractis.com\/accionanticipatoria\/wp-content\/uploads\/2025\/08\/20250613_192434-1-1920x1037-1-720x455.jpg\" class=\"img-fluid w-100 wp-post-image\" alt=\"\" loading=\"lazy\" \/>\t<\/figure>\n\t<div class=\"card_content col px-3 px-md-4 py-4 py-md-5\">\n\t\t<div class=\"mb-2 meta tiny\">\n\t\t\t<time datetime=\"16\/06\/2025\">16 junio 2025<\/time>\n\t\t<\/div>\n\t\t<h3 class=\"h4\">Senamhi y SNHN utilizar\u00e1n la impresi\u00f3n 3D para fortalecer su trabajo en Bolivia<\/h3>\n\t\t<div class=\"has-small-font-size mb-3\">\n\t\t\t\t\t<\/div>\n\t\t<a href=\"https:\/\/latam.practicalaction.org\/senamhi-y-snhn-utilizaran-la-impresion-3d-para-fortalecer-su-trabajo-en-bolivia\/\" target=\"_blank\" class=\"btn btn-link stretched-link\">Leer m\u00e1s<\/a>\n\t<\/div>\n<\/article>      <\/div>\n            <div class=\"swiper-slide\">\n        <article class=\"card_blog-feat bg-white d-flex flex-wrap position-relative post-114 post type-post status-publish format-standard has-post-thumbnail hentry category-uncategorized\" id=\"blog-114\">\n\t<figure class=\"mb-0 card_image\">\n\t\t<img decoding=\"async\" width=\"720\" height=\"455\" src=\"https:\/\/centropractis.com\/accionanticipatoria\/wp-content\/uploads\/2025\/08\/2022_Rimac_MOP_Network_Volunteer_Training_4-1-1620x1080-1-720x455.jpg\" class=\"img-fluid w-100 wp-post-image\" alt=\"\" loading=\"lazy\" \/>\t<\/figure>\n\t<div class=\"card_content col px-3 px-md-4 py-4 py-md-5\">\n\t\t<div class=\"mb-2 meta tiny\">\n\t\t\t<time datetime=\"03\/06\/2025\">03 junio 2025<\/time>\n\t\t<\/div>\n\t\t<h3 class=\"h4\">GP25: el llamado de Practical Action por alertas tempranas inclusivas<\/h3>\n\t\t<div class=\"has-small-font-size mb-3\">\n\t\t\t\t\t<\/div>\n\t\t<a href=\"https:\/\/latam.practicalaction.org\/gp25-el-llamado-de-practical-action-por-alertas-tempranas-inclusivas\/\" target=\"_blank\" class=\"btn btn-link stretched-link\">Leer m\u00e1s<\/a>\n\t<\/div>\n<\/article>      <\/div>\n            <div class=\"swiper-slide\">\n        <article class=\"card_blog-feat bg-white d-flex flex-wrap position-relative post-106 post type-post status-publish format-standard has-post-thumbnail hentry category-uncategorized\" id=\"blog-106\">\n\t<figure class=\"mb-0 card_image\">\n\t\t<img decoding=\"async\" width=\"720\" height=\"455\" src=\"https:\/\/centropractis.com\/accionanticipatoria\/wp-content\/uploads\/2025\/08\/Taller_SINPAD_COE_Cusco-21-1620x1080-1-720x455.jpg\" class=\"img-fluid w-100 wp-post-image\" alt=\"\" loading=\"lazy\" \/>\t<\/figure>\n\t<div class=\"card_content col px-3 px-md-4 py-4 py-md-5\">\n\t\t<div class=\"mb-2 meta tiny\">\n\t\t\t<time datetime=\"28\/05\/2025\">28 mayo 2025<\/time>\n\t\t<\/div>\n\t\t<h3 class=\"h4\">Fortalecimiento de capacidades en gesti\u00f3n del riesgo de desastres en la regi\u00f3n Cusco<\/h3>\n\t\t<div class=\"has-small-font-size mb-3\">\n\t\t\t\t\t<\/div>\n\t\t<a href=\"https:\/\/latam.practicalaction.org\/fortalecimiento-de-capacidades-en-gestion-del-riesgo-de-desastres-en-la-region-cusco\/\" target=\"_blank\" class=\"btn btn-link stretched-link\">Leer m\u00e1s<\/a>\n\t<\/div>\n<\/article>      <\/div>\n            <div class=\"swiper-slide\">\n        <article class=\"card_blog-feat bg-white d-flex flex-wrap position-relative post-110 post type-post status-publish format-standard has-post-thumbnail hentry category-uncategorized\" id=\"blog-110\">\n\t<figure class=\"mb-0 card_image\">\n\t\t<img decoding=\"async\" width=\"720\" height=\"455\" src=\"https:\/\/centropractis.com\/accionanticipatoria\/wp-content\/uploads\/2025\/08\/Chaclacayo-huaico-039-1620x1080-1-720x455.jpg\" class=\"img-fluid w-100 wp-post-image\" alt=\"\" loading=\"lazy\" \/>\t<\/figure>\n\t<div class=\"card_content col px-3 px-md-4 py-4 py-md-5\">\n\t\t<div class=\"mb-2 meta tiny\">\n\t\t\t<time datetime=\"16\/04\/2025\">16 abril 2025<\/time>\n\t\t<\/div>\n\t\t<h3 class=\"h4\">Lanzamiento de la Iniciativa Acci\u00f3n Anticipatoria en la regi\u00f3n andina<\/h3>\n\t\t<div class=\"has-small-font-size mb-3\">\n\t\t\t\t\t<\/div>\n\t\t<a href=\"https:\/\/latam.practicalaction.org\/lanzamiento-de-la-iniciativa-accion-anticipatoria-en-la-region-andina\/\" target=\"_blank\" class=\"btn btn-link stretched-link\">Leer m\u00e1s<\/a>\n\t<\/div>\n<\/article>      <\/div>\n          <\/div>\n  <\/div>\n  <div class=\"swiper-pagination novedades-pagination mt-2\"><\/div>\n<\/div>\n<script>\n  document.addEventListener('DOMContentLoaded', () => {\n  \tvar swiperNovedades = new Swiper('.swiper_novedades', {\n  \t\tslidesPerView: 1,\n  \t\tloop: false,\n  \t\trewind: true,\n  \t\tautoplay: {\n  \t\t\tdelay: 5000,\n  \t\t\tdisableOnInteraction: false,\n  \t\t},\n  \t\tpagination: {\n  \t\t\tel: '.novedades-pagination',\n  \t\t\tclickable: true,\n  \t\t},\n  \t});\n  \n  });\n<\/script><\/div>\n<\/div>\n      <\/div>\n    <\/div>\n  <\/div>\n<\/section><\/div>\n\n<div class=\"lazyblock-block-section-28rFPF wp-block-lazyblock-block-section\"><section class=\"py bg-\">\n  <div class=\"container\">\n    <div class=\"row\">\n      <div class=\"col-12\">\n        <div class=\"lazyblock-inner-blocks\">\n\n<div class=\"row align-items-end gx-2 gy-3 mb-5\">\n<div class=\"col\">\n<h2 class=\"wp-block-heading has-naranja-color has-text-color has-link-color h3 wp-elements-35dbdc1e5d043aa9ed7adcb88e03517d\">Conocimiento<\/h2>\n<\/div>\n\n\n\n<div class=\"col-auto\">\n<div class=\"wp-block-buttons is-layout-flex wp-block-buttons-is-layout-flex\">\n<div class=\"wp-block-button is-style-btn-link\"><a class=\"wp-block-button__link wp-element-button\" href=\"https:\/\/centropractis.com\/accionanticipatoria\/conocimiento\/\">Ver todo<\/a><\/div>\n<\/div>\n<\/div>\n<\/div>\n\n\n<div class=\"lazyblock-conocimiento-home-Z19youC mb wp-block-lazyblock-conocimiento-home\"><div class=\"block_conocimiento position-relative\">\n  <div class=\"swiper swiper_conocimiento\">\n    <div class=\"swiper-wrapper\">\n            <div class=\"swiper-slide\">\n        <article class=\"card_conocimiento d-flex flex-column position-relative h-100 post-276 conocimiento type-conocimiento status-publish has-post-thumbnail hentry\" id=\"conocimiento-276\">\r\n\t<figure class=\"mb-0 card_image\">\r\n\t\t<img decoding=\"async\" width=\"720\" height=\"455\" src=\"https:\/\/centropractis.com\/accionanticipatoria\/wp-content\/uploads\/2025\/12\/Anticipation-Hub_Ecuador_03-720x455.jpg\" class=\"img-fluid w-100 wp-post-image\" alt=\"\" loading=\"lazy\" \/>\t<\/figure>\r\n\t<div class=\"card_content col d-flex flex-column px-3 px-md-4 pe-xl-5 py-4\">\r\n\t\t<h3 class=\"h4 \">: Avances de la Acci\u00f3n Anticipatoria en Ecuador<\/h3>\r\n\t\t\t\t<a href=\"https:\/\/centropractis.com\/accionanticipatoria\/conocimiento\/avances-de-la-accion-anticipatoria-en-ecuador\/\" class=\"btn btn-link stretched-link\">Saber m\u00e1s<\/a>\r\n\t\t\t<\/div>\r\n<\/article>      <\/div>\n            <div class=\"swiper-slide\">\n        <article class=\"card_conocimiento d-flex flex-column position-relative h-100 post-188 conocimiento type-conocimiento status-publish has-post-thumbnail hentry tipologia-evento\" id=\"conocimiento-188\">\r\n\t<figure class=\"mb-0 card_image\">\r\n\t\t<img decoding=\"async\" width=\"720\" height=\"455\" src=\"https:\/\/centropractis.com\/accionanticipatoria\/wp-content\/uploads\/2025\/08\/IMG_6915-720x455.jpg\" class=\"img-fluid w-100 wp-post-image\" alt=\"\" loading=\"lazy\" \/>\t<\/figure>\r\n\t<div class=\"card_content col d-flex flex-column px-3 px-md-4 pe-xl-5 py-4\">\r\n\t\t<h3 class=\"h4 \">Evento: Plataforma de Di\u00e1logo sobre Acci\u00f3n Anticipatoria en Am\u00e9rica del Sur<\/h3>\r\n\t\t\t\t<a href=\"https:\/\/centropractis.com\/accionanticipatoria\/conocimiento\/plataforma-de-dialogo-sobre-accion-anticipatoria-en-america-del-sur\/\" class=\"btn btn-link stretched-link\">Saber m\u00e1s<\/a>\r\n\t\t\t<\/div>\r\n<\/article>      <\/div>\n            <div class=\"swiper-slide\">\n        <article class=\"card_conocimiento d-flex flex-column position-relative h-100 post-186 conocimiento type-conocimiento status-publish has-post-thumbnail hentry tipologia-webinar\" id=\"conocimiento-186\">\r\n\t<figure class=\"mb-0 card_image\">\r\n\t\t<img decoding=\"async\" width=\"720\" height=\"455\" src=\"https:\/\/centropractis.com\/accionanticipatoria\/wp-content\/uploads\/2025\/08\/DSC00204-720x455.jpg\" class=\"img-fluid w-100 wp-post-image\" alt=\"\" loading=\"lazy\" \/>\t<\/figure>\r\n\t<div class=\"card_content col d-flex flex-column px-3 px-md-4 pe-xl-5 py-4\">\r\n\t\t<h3 class=\"h4 \">Webinar: Avances en Alerta Temprana para Todas las Personas (EW4AII)<\/h3>\r\n\t\t\t\t<a href=\"https:\/\/centropractis.com\/accionanticipatoria\/conocimiento\/avances-en-alerta-temprana-para-todos-ew4aii\/\" class=\"btn btn-link stretched-link\">Saber m\u00e1s<\/a>\r\n\t\t\t<\/div>\r\n<\/article>      <\/div>\n          <\/div>\n  <\/div>\n  <div class=\"swiper-pagination conocimiento-pagination mt-2\"><\/div>\n<\/div>\n<script>\n  document.addEventListener('DOMContentLoaded', () => {\n  \tvar swiperConocimiento = new Swiper('.swiper_conocimiento', {\n  \t\tslidesPerView: 1,\n  \t\tspaceBetween: 30,\n  \t\tloop: false,\n  \t\trewind: true,\n  \t\tautoplay: {\n  \t\t\tdelay: 5000,\n  \t\t\tdisableOnInteraction: false,\n  \t\t},\n  \t\tpagination: {\n  \t\t\tel: '.conocimiento-pagination',\n  \t\t\tclickable: true,\n  \t\t},\n  \t\tbreakpoints: {\n  \t\t  1200: {\n  \t\t    slidesPerView: 2,\n  \t\t  }\n  \t\t}\n  \t});\n  \n  });\n<\/script><\/div>\n\n\n<div class=\"row align-items-end gx-2 gy-3 mb-5\">\n<div class=\"col\">\n<h2 class=\"wp-block-heading has-naranja-color has-text-color has-link-color h3 wp-elements-da4e06559cbfa0b2af154805d735d06a\">Recursos<\/h2>\n<\/div>\n\n\n\n<div class=\"col-auto\">\n<div class=\"wp-block-buttons is-layout-flex wp-block-buttons-is-layout-flex\">\n<div class=\"wp-block-button is-style-btn-link\"><a class=\"wp-block-button__link wp-element-button\" href=\"https:\/\/centropractis.com\/accionanticipatoria\/tipo\/publicaciones\/\">Ver todo<\/a><\/div>\n<\/div>\n<\/div>\n<\/div>\n\n\n\n<div id=\"bs-tabs-Z1V40Jb\"><ul class=\"nav nav-tabs\" role=\"tablist\"><li class=\"nav-item\" role=\"presentation\"><a href=\"#\" id=\"bs-tabs-Z1V40Jb-0-tab\" data-bs-target=\"#bs-tabs-Z1V40Jb-0-pane\" aria-controls=\"bs-tabs-Z1V40Jb-0-pane\" aria-selected=\" true\" data-bs-toggle=\"tab\" type=\"button\" role=\"tab\" class=\"nav-link active\">Publicaciones<\/a><\/li><li class=\"nav-item\" role=\"presentation\"><a href=\"#\" id=\"bs-tabs-Z1V40Jb-1-tab\" data-bs-target=\"#bs-tabs-Z1V40Jb-1-pane\" aria-controls=\"bs-tabs-Z1V40Jb-1-pane\" aria-selected=\"false\" data-bs-toggle=\"tab\" type=\"button\" role=\"tab\" class=\"nav-link\">Videos<\/a><\/li><\/ul><div class=\"tab-content\">\n<div class=\"tab-pane fade show active\" id=\"bs-tabs-Z1V40Jb-0-pane\" role=\"tabpanel\" aria-labelledby=\"bs-tabs-Z1V40Jb-0-tab\"><div class=\"lazyblock-ultimas-publicaciones-Z1ycAJF wp-block-lazyblock-ultimas-publicaciones\"><div class=\"row gy-4\">\n    <div class=\"col-12 col-md-6 col-lg-4 col-xl-3 post_wrap\">\n\t<article class=\"card_publicacion position-relative d-flex flex-column h-100 post-213 recursos type-recursos status-publish has-post-thumbnail hentry tipo-publicaciones\" id=\"recurso-213\">\n\t\t<figure class=\"card_image position-relative\">\n\t\t\t<img decoding=\"async\" width=\"508\" height=\"720\" src=\"https:\/\/centropractis.com\/accionanticipatoria\/wp-content\/uploads\/2025\/09\/INFORME-PLATAFORMA-DE-DIAGLOGO-NACIONAL-17-10_alta_Pagina_01-684x980-1-508x720.jpg\" class=\"img-fluid wp-post-image\" alt=\"\" loading=\"lazy\" \/>\t\t<\/figure>\n\t\t<div class=\"card_content col d-flex flex-column align-items-start\">\n\t\t\t<h3 class=\"col h6\">Informe de la Plataforma de Di\u00e1logo Nacional sobre Acci\u00f3n Anticipatoria en Ecuador<\/h3>\n\t\t\t<a href=\"https:\/\/latam.practicalaction.org\/publicaciones\/informe-de-la-plataforma-de-dialogo-nacional-sobre-accion-anticipatoria-en-ecuador\/\" class=\"btn btn-link stretched-link\" target=\"_blank\">Ver detalles<\/a>\n\t\t<\/div>\n\t<\/article>\n<\/div>\n    <div class=\"col-12 col-md-6 col-lg-4 col-xl-3 post_wrap\">\n\t<article class=\"card_publicacion position-relative d-flex flex-column h-100 post-211 recursos type-recursos status-publish has-post-thumbnail hentry tipo-publicaciones\" id=\"recurso-211\">\n\t\t<figure class=\"card_image position-relative\">\n\t\t\t<img decoding=\"async\" width=\"508\" height=\"720\" src=\"https:\/\/centropractis.com\/accionanticipatoria\/wp-content\/uploads\/2025\/09\/PosterEGU-AAAndes-ESP-v2-web-508x720.jpg\" class=\"img-fluid wp-post-image\" alt=\"\" loading=\"lazy\" \/>\t\t<\/figure>\n\t\t<div class=\"card_content col d-flex flex-column align-items-start\">\n\t\t\t<h3 class=\"col h6\">Exploraci\u00f3n de los tiempos de anticipaci\u00f3n de inundaciones a trav\u00e9s del monitoreo del nivel del r\u00edo: Un estudio de caso del r\u00edo Vilcanota en Cusco, Per\u00fa<\/h3>\n\t\t\t<a href=\"https:\/\/zcralliance.org\/resources\/item\/exploracion-de-los-tiempos-de-anticipacion-de-inundaciones-a-traves-del-monitoreo-del-nivel-del-rio-un-estudio-de-caso-del-rio-vilcanota-en-cusco-peru\/ \" class=\"btn btn-link stretched-link\" target=\"_blank\">Ver detalles<\/a>\n\t\t<\/div>\n\t<\/article>\n<\/div>\n    <div class=\"col-12 col-md-6 col-lg-4 col-xl-3 post_wrap\">\n\t<article class=\"card_publicacion position-relative d-flex flex-column h-100 post-209 recursos type-recursos status-publish has-post-thumbnail hentry tipo-publicaciones\" id=\"recurso-209\">\n\t\t<figure class=\"card_image position-relative\">\n\t\t\t<img decoding=\"async\" width=\"508\" height=\"720\" src=\"https:\/\/centropractis.com\/accionanticipatoria\/wp-content\/uploads\/2025\/09\/Captura-de-pantalla-2025-03-11-212613-508x720.webp\" class=\"img-fluid wp-post-image\" alt=\"\" loading=\"lazy\" srcset=\"https:\/\/centropractis.com\/accionanticipatoria\/wp-content\/uploads\/2025\/09\/Captura-de-pantalla-2025-03-11-212613-508x720.webp 508w, https:\/\/centropractis.com\/accionanticipatoria\/wp-content\/uploads\/2025\/09\/Captura-de-pantalla-2025-03-11-212613-768x1090.webp 768w, https:\/\/centropractis.com\/accionanticipatoria\/wp-content\/uploads\/2025\/09\/Captura-de-pantalla-2025-03-11-212613.webp 801w\" sizes=\"auto, (max-width: 508px) 100vw, 508px\" \/>\t\t<\/figure>\n\t\t<div class=\"card_content col d-flex flex-column align-items-start\">\n\t\t\t<h3 class=\"col h6\">Acci\u00f3n Anticipatoria en los Andes<\/h3>\n\t\t\t<a href=\"https:\/\/latam.practicalaction.org\/publicaciones\/accion-anticipatoria-en-los-andes\/\" class=\"btn btn-link stretched-link\" target=\"_blank\">Ver detalles<\/a>\n\t\t<\/div>\n\t<\/article>\n<\/div>\n    <div class=\"col-12 col-md-6 col-lg-4 col-xl-3 post_wrap\">\n\t<article class=\"card_publicacion position-relative d-flex flex-column h-100 post-207 recursos type-recursos status-publish has-post-thumbnail hentry tipo-publicaciones\" id=\"recurso-207\">\n\t\t<figure class=\"card_image position-relative\">\n\t\t\t<img decoding=\"async\" width=\"508\" height=\"720\" src=\"https:\/\/centropractis.com\/accionanticipatoria\/wp-content\/uploads\/2025\/09\/Infografia_FichaTecnica_LiDAR_v6_ALTA-1-508x720.jpg\" class=\"img-fluid wp-post-image\" alt=\"\" loading=\"lazy\" \/>\t\t<\/figure>\n\t\t<div class=\"card_content col d-flex flex-column align-items-start\">\n\t\t\t<h3 class=\"col h6\">Estaci\u00f3n LiDAR para el monitoreo hidrol\u00f3gico<\/h3>\n\t\t\t<a href=\"https:\/\/zcralliance.org\/resources\/item\/estacion-lidar-para-el-monitoreo-hidrologico\/\" class=\"btn btn-link stretched-link\" target=\"_blank\">Ver detalles<\/a>\n\t\t<\/div>\n\t<\/article>\n<\/div>\n  <\/div>\n<\/div><\/div>\n\n\n\n<div class=\"tab-pane fade\" id=\"bs-tabs-Z1V40Jb-1-pane\" role=\"tabpanel\" aria-labelledby=\"bs-tabs-Z1V40Jb-1-tab\"><div class=\"lazyblock-ultimas-publicaciones-Z2aqk49 wp-block-lazyblock-ultimas-publicaciones\"><div class=\"row gy-4\">\n    <div class=\"col-12 col-lg-6 col-xl-4 post_wrap\">\n\t<article class=\"card_video position-relative d-flex flex-column h-100 post-201 recursos type-recursos status-publish has-post-thumbnail hentry tipo-videos\" id=\"recurso-201\">\n\t\t<figure class=\"card_image position-relative\">\n\t\t\t<img decoding=\"async\" width=\"720\" height=\"455\" src=\"https:\/\/centropractis.com\/accionanticipatoria\/wp-content\/uploads\/2025\/09\/maxresdefault-720x455.jpg\" class=\"img-fluid w-100 wp-post-image\" alt=\"\" loading=\"lazy\" \/>\t\t\t<a href=\"#\" class=\"card_link\" title=\"Reproducir video\" data-bs-toggle=\"modal\" data-bs-target=\"#videoModal\" data-bs-video=\"https:\/\/www.youtube.com\/embed\/0BdQouyA9uQ\">\n\t\t\t\t<img decoding=\"async\" src=\"https:\/\/centropractis.com\/accionanticipatoria\/wp-content\/themes\/accionanticipatoria\/images\/icon_play.svg\" width=\"3rem\" height=\"3rem\" alt=\"\u00cdcono reprocudir\">\n\t\t\t<\/a>\n\t\t<\/figure>\n\t\t<div class=\"card_content col d-flex flex-column align-items-start\">\n\t\t\t<h3 class=\"col h6\">Video: Iniciativa Acci\u00f3n Anticipatoria<\/h3>\n\t\t\t<a href=\"https:\/\/www.youtube.com\/watch?v=0BdQouyA9uQ\" target=\"_blank\" class=\"btn btn-link stretched-link\">Ver en youtube<\/a>\n\t\t<\/div>\n\t<\/article>\n<\/div>\n    <div class=\"col-12 col-lg-6 col-xl-4 post_wrap\">\n\t<article class=\"card_video position-relative d-flex flex-column h-100 post-199 recursos type-recursos status-publish has-post-thumbnail hentry tipo-videos\" id=\"recurso-199\">\n\t\t<figure class=\"card_image position-relative\">\n\t\t\t<img decoding=\"async\" width=\"720\" height=\"455\" src=\"https:\/\/centropractis.com\/accionanticipatoria\/wp-content\/uploads\/2025\/09\/video03-720x455.jpg\" class=\"img-fluid w-100 wp-post-image\" alt=\"\" loading=\"lazy\" \/>\t\t\t<a href=\"#\" class=\"card_link\" title=\"Reproducir video\" data-bs-toggle=\"modal\" data-bs-target=\"#videoModal\" data-bs-video=\"https:\/\/www.youtube.com\/embed\/kN50oKAQ0mQ\">\n\t\t\t\t<img decoding=\"async\" src=\"https:\/\/centropractis.com\/accionanticipatoria\/wp-content\/themes\/accionanticipatoria\/images\/icon_play.svg\" width=\"3rem\" height=\"3rem\" alt=\"\u00cdcono reprocudir\">\n\t\t\t<\/a>\n\t\t<\/figure>\n\t\t<div class=\"card_content col d-flex flex-column align-items-start\">\n\t\t\t<h3 class=\"col h6\">Video: \u00bfQu\u00e9 es la acci\u00f3n anticipatoria?<\/h3>\n\t\t\t<a href=\"https:\/\/www.youtube.com\/watch?v=kN50oKAQ0mQ\" target=\"_blank\" class=\"btn btn-link stretched-link\">Ver en youtube<\/a>\n\t\t<\/div>\n\t<\/article>\n<\/div>\n    <div class=\"col-12 col-lg-6 col-xl-4 post_wrap\">\n\t<article class=\"card_video position-relative d-flex flex-column h-100 post-197 recursos type-recursos status-publish has-post-thumbnail hentry tipo-videos\" id=\"recurso-197\">\n\t\t<figure class=\"card_image position-relative\">\n\t\t\t<img decoding=\"async\" width=\"720\" height=\"455\" src=\"https:\/\/centropractis.com\/accionanticipatoria\/wp-content\/uploads\/2025\/09\/video02-720x455.jpg\" class=\"img-fluid w-100 wp-post-image\" alt=\"\" loading=\"lazy\" \/>\t\t\t<a href=\"#\" class=\"card_link\" title=\"Reproducir video\" data-bs-toggle=\"modal\" data-bs-target=\"#videoModal\" data-bs-video=\"https:\/\/www.youtube.com\/embed\/RrigKsoe55c\">\n\t\t\t\t<img decoding=\"async\" src=\"https:\/\/centropractis.com\/accionanticipatoria\/wp-content\/themes\/accionanticipatoria\/images\/icon_play.svg\" width=\"3rem\" height=\"3rem\" alt=\"\u00cdcono reprocudir\">\n\t\t\t<\/a>\n\t\t<\/figure>\n\t\t<div class=\"card_content col d-flex flex-column align-items-start\">\n\t\t\t<h3 class=\"col h6\">Video: Sensor LiDAR para la acci\u00f3n anticipatoria en Mecapaca<\/h3>\n\t\t\t<a href=\"https:\/\/www.youtube.com\/watch?v=RrigKsoe55c\" target=\"_blank\" class=\"btn btn-link stretched-link\">Ver en youtube<\/a>\n\t\t<\/div>\n\t<\/article>\n<\/div>\n  <\/div>\n<\/div><\/div>\n<\/div><\/div>\n\n<\/div>\n      <\/div>\n    <\/div>\n  <\/div>\n<\/section><\/div>","protected":false},"excerpt":{"rendered":"","protected":false},"author":1,"featured_media":0,"parent":0,"menu_order":0,"comment_status":"closed","ping_status":"closed","template":"","meta":{"inline_featured_image":false,"footnotes":""},"class_list":["post-12","page","type-page","status-publish","hentry"],"acf":[],"_links":{"self":[{"href":"https:\/\/centropractis.com\/accionanticipatoria\/wp-json\/wp\/v2\/pages\/12","targetHints":{"allow":["GET"]}}],"collection":[{"href":"https:\/\/centropractis.com\/accionanticipatoria\/wp-json\/wp\/v2\/pages"}],"about":[{"href":"https:\/\/centropractis.com\/accionanticipatoria\/wp-json\/wp\/v2\/types\/page"}],"author":[{"embeddable":true,"href":"https:\/\/centropractis.com\/accionanticipatoria\/wp-json\/wp\/v2\/users\/1"}],"replies":[{"embeddable":true,"href":"https:\/\/centropractis.com\/accionanticipatoria\/wp-json\/wp\/v2\/comments?post=12"}],"version-history":[{"count":10,"href":"https:\/\/centropractis.com\/accionanticipatoria\/wp-json\/wp\/v2\/pages\/12\/revisions"}],"predecessor-version":[{"id":258,"href":"https:\/\/centropractis.com\/accionanticipatoria\/wp-json\/wp\/v2\/pages\/12\/revisions\/258"}],"wp:attachment":[{"href":"https:\/\/centropractis.com\/accionanticipatoria\/wp-json\/wp\/v2\/media?parent=12"}],"curies":[{"name":"wp","href":"https:\/\/api.w.org\/{rel}","templated":true}]}}